{"id":23233,"date":"2021-01-07T11:11:50","date_gmt":"2021-01-07T10:11:50","guid":{"rendered":"https:\/\/www.zsimplants.ch\/blog\/?page_id=23233"},"modified":"2021-02-25T19:20:44","modified_gmt":"2021-02-25T18:20:44","slug":"quienes-somos","status":"publish","type":"page","link":"https:\/\/www.zsimplants.ch\/blog\/es\/quienes-somos\/","title":{"rendered":"Qui\u00e9nes somos"},"content":{"rendered":"<section><div class=\"container\"><div class=\"row\"><div class=\"wpb_column hcode-column-container vc_col-sm-8 col-xs-mobile-fullwidth\" data-front-class=\"col-xs-mobile-fullwidth\"><div class=\"vc-column-innner-wrapper\"><p class=\"margin-right-ten xs-margin-0auto text-med\">Durante muchos a\u00f1os, un ur\u00f3logo franc\u00e9s, el Dr. Llorens, ha realizado implantes peneanos y el \u00fanico modelo de esf\u00ednter urinario artificial disponible en el mercado para la incontinencia masculina severa.<br \/>\nDecidi\u00f3 crear <strong>nuevos productos<\/strong>, <strong>m\u00e1s innovadores<\/strong> y <strong>adaptados<\/strong> a la realidad de los requerimientos de m\u00e9dicos y pacientes.<\/p>\n<p class=\"margin-right-ten xs-margin-0auto text-med\">En 2007, cre\u00f3 el esf\u00ednter urinario artificial ZSI 375, y luego en 2009 cre\u00f3 los implantes peneanos maleables e hidr\u00e1ulicos. Tal cual como las otras pr\u00f3tesis peneanas del mercado, estas pr\u00f3tesis dise\u00f1adas para hombres cis con problemas er\u00e9ctiles no est\u00e1n concebidas para las especificidades de las faloplastias y las morfolog\u00edas trans. Muy r\u00e1pido surgi\u00f3 la necesidad de crear pr\u00f3tesis para personas FTM, en 2016.<\/p>\n<p class=\"margin-right-ten xs-margin-0auto text-med\">La l\u00ednea de productos FTM evolucion\u00f3 a lo largo de los a\u00f1os. Est\u00e1n dise\u00f1ados para <strong>faloplastias<\/strong> y <strong>metoidioplastias<\/strong>. En 2020, ZSI lanz\u00f3 su primer producto para personas MTF, el ZSI 200 NS expansor, un vaginal stent hecho para facilitar el post-cirug\u00eda de las <strong>vaginoplast\u00edas<\/strong>.<\/p>\n<\/div><\/div><div class=\"wpb_column hcode-column-container vc_col-sm-4 col-xs-mobile-fullwidth\" data-front-class=\"col-xs-mobile-fullwidth\"><div class=\"vc-column-innner-wrapper\"><img loading=\"lazy\" decoding=\"async\" width=\"1024\" height=\"880\" src=\"https:\/\/www.zsimplants.ch\/blog\/wp-content\/uploads\/2020\/08\/a-propos-de-nous.png\" class=\"\" alt=\"\" srcset=\"https:\/\/www.zsimplants.ch\/blog\/wp-content\/uploads\/2020\/08\/a-propos-de-nous.png 1024w, https:\/\/www.zsimplants.ch\/blog\/wp-content\/uploads\/2020\/08\/a-propos-de-nous-300x258.png 300w, https:\/\/www.zsimplants.ch\/blog\/wp-content\/uploads\/2020\/08\/a-propos-de-nous-768x660.png 768w\" sizes=\"(max-width: 1024px) 100vw, 1024px\" \/><\/div><\/div><div class=\"wpb_column hcode-column-container center-col padding-five-top sm-padding-three-top xs-padding-two-top vc_col-sm-10 vc_col-lg-10 col-xs-mobile-fullwidth\" data-front-class=\"center-col padding-five-top sm-padding-three-top xs-padding-two-top col-xs-mobile-fullwidth\"><div class=\"vc-column-innner-wrapper\"><blockquote id=\"blockquoteid\" class=\" blockquoteclass\" style=\"border-left: 5px solid #e5e5e5;\">\n<p class=\"text-extra-large\">Pueden encontrar toda la informaci\u00f3n sobre los implantes ZSI en la pagina, y en las diversas redes sociales (<a href=\"https:\/\/www.facebook.com\/ImplantsphalloplastyFTM\/\" target=\"_blank\" rel=\"noopener\">Facebook<\/a>, <a href=\"https:\/\/www.instagram.com\/implants_zsi\/\" target=\"_blank\" rel=\"noopener\">Instagram<\/a>, <a href=\"https:\/\/www.youtube.com\/channel\/UCn_9ndSskQxXJ_6xRY1C2zQ\" target=\"_blank\" rel=\"noopener\">Youtube<\/a> y <a href=\"https:\/\/www.linkedin.com\/authwall?trk=gf&amp;trkInfo=AQHkWLpOEUP7OQAAAXOlOjh4UWirGdC_B9pUFzlpOKMsSU7QQUxw8fZEAGVHGDnEfa4RT1so-pE5_fQJYyU9VQiiE_qV2ssh_ipxYtokQ2Rlb6bPY7xwQJ_3FKe8YMMfuDGPbCs=&amp;originalReferer=https:\/\/www.zsimplants.ch\/blog\/es\/acerca-de\/&amp;sessionRedirect=https%3A%2F%2Fwww.linkedin.com%2Fcompany%2Fzephyr-surgical-implants%2F%3FviewAsMember%3Dtrue\" target=\"_blank\" rel=\"noopener\">LinkedIn<\/a>). Estamos constantemente en contacto con cirujanos y pacientes, qui\u00e9n comparten sus experiencias y nos dan sus comentarios para ayudarnos a mejorar nuestros implantes.<\/p>\n<p class=\"text-extra-large\">Hacemos lo m\u00e1ximo para que nuestro contenido sea diversificado, trasparente, accesible y pertinente para mantenerlos informarlos, contestar a todas las preguntas que recibimos y sobre todo apoyar a todas las personas que est\u00e1n en su ultima etapa de transici\u00f3n, \u00a1si es lo que quieren!<\/p>\n<\/blockquote>\n<\/div><\/div><\/div><\/div><\/section><section class=\"no-padding-top sm-no-padding-top xs-no-padding-top\"><div class=\"container\"><div class=\"row\"><div class=\"wpb_column hcode-column-container vc_col-sm-12 col-xs-mobile-fullwidth\" data-front-class=\"col-xs-mobile-fullwidth\"><div class=\"vc-column-innner-wrapper\"><a href=\"https:\/\/www.zsimplants.ch\/en\/find-center\/ftm-centers-map\" target=\"_blank\"><div  class=\"cover-background  bg-image-srcset\" style=\"background-image:url(https:\/\/www.zsimplants.ch\/blog\/wp-content\/uploads\/2020\/07\/map4.jpg);min-height:450px;\" data-bg-srcset=\"https:\/\/www.zsimplants.ch\/blog\/wp-content\/uploads\/2020\/07\/map4.jpg 1500w, https:\/\/www.zsimplants.ch\/blog\/wp-content\/uploads\/2020\/07\/map4-300x184.jpg 300w, https:\/\/www.zsimplants.ch\/blog\/wp-content\/uploads\/2020\/07\/map4-1024x629.jpg 1024w, https:\/\/www.zsimplants.ch\/blog\/wp-content\/uploads\/2020\/07\/map4-768x472.jpg 768w\"><div class=\"img-border\"><\/div><\/div><\/a><\/div><\/div><\/div><\/div><\/section><section class=\"no-padding-top sm-no-padding-top xs-no-padding-top\"><div class=\"container\"><div class=\"row\"><div class=\"wpb_column hcode-column-container center-col vc_col-sm-10 vc_col-lg-10 col-xs-mobile-fullwidth\" data-front-class=\"center-col col-xs-mobile-fullwidth\"><div class=\"vc-column-innner-wrapper\"><blockquote id=\"blockquoteid\" class=\" blockquoteclass text-extra-large\" style=\"border-left: 5px solid #e5e5e5;\"><p>Esperamos que encontraran las respuestas que buscan en este blog. Si\u00e9ntense libres de contactarnos, estamos siempre felices de recibir sus emails y preguntas. <strong>\u00a1Que tengan una buena lectura, y hasta pronto!<\/strong><\/p><\/blockquote>\n<\/div><\/div><\/div><\/div><\/section><section class=\"no-padding\"><div class=\"container\"><div class=\"row\"><div class=\"wpb_column hcode-column-container center-col text-center sm-text-center xs-text-center no-padding sm-no-padding xs-no-padding vc_col-sm-12 col-xs-mobile-fullwidth\" data-front-class=\"center-col text-center sm-text-center xs-text-center no-padding sm-no-padding xs-no-padding col-xs-mobile-fullwidth\" data-background=#eb6608 style=\" background:#eb6608;\"><div class=\"vc-column-innner-wrapper\"><div class=\"shop-newsletter-main no-padding sm-no-padding xs-no-padding\"><div class=\"shop-newsletter\"><i class=\"medium-icon extra-small-icon margin-five no-margin-top\" style=\"color:#ffffff\"><\/i><p class=\"text-med text-uppercase letter-spacing-2 no-margin lg-display-block lg-margin-bottom-three\" style=\"color:#ffffff\">Suscribirse a nuestro newsletter<\/p><p class=\"title-large font-weight-700 text-uppercase letter-spacing-2 lg-display-none\" style=\"color:#ffffff\">MANTENTE INFORMADO !<\/p><script>(function() {\n\twindow.mc4wp = window.mc4wp || {\n\t\tlisteners: [],\n\t\tforms: {\n\t\t\ton: function(evt, cb) {\n\t\t\t\twindow.mc4wp.listeners.push(\n\t\t\t\t\t{\n\t\t\t\t\t\tevent   : evt,\n\t\t\t\t\t\tcallback: cb\n\t\t\t\t\t}\n\t\t\t\t);\n\t\t\t}\n\t\t}\n\t}\n})();\n<\/script><!-- Mailchimp for WordPress v4.9.21 - https:\/\/wordpress.org\/plugins\/mailchimp-for-wp\/ --><form id=\"mc4wp-form-1\" class=\"mc4wp-form mc4wp-form-18913\" method=\"post\" data-id=\"18913\" data-name=\"Newsletter_fr\" ><div class=\"mc4wp-form-fields\"><input type=\"email\" name=\"EMAIL\" placeholder=\"email\" required \/>\r\n  <button name=\"submit\" id=\"submit_newsletter\" class=\"btn btn-medium btn-news\"><i class=\"fas fa-envelope\"><\/i><\/button><\/div><label style=\"display: none !important;\">Leave this field empty if you're human: <input type=\"text\" name=\"_mc4wp_honeypot\" value=\"\" tabindex=\"-1\" autocomplete=\"off\" \/><\/label><input type=\"hidden\" name=\"_mc4wp_timestamp\" value=\"1775591219\" \/><input type=\"hidden\" name=\"_mc4wp_form_id\" value=\"18913\" \/><input type=\"hidden\" name=\"_mc4wp_form_element_id\" value=\"mc4wp-form-1\" \/><div class=\"mc4wp-response\"><\/div><\/form><!-- \/ Mailchimp for WordPress Plugin --><\/div><\/div>[vc_empty_space height=\"25px\"]<\/div><\/div><\/div><\/div><\/section>","protected":false},"excerpt":{"rendered":"<p>Durante muchos a\u00f1os, un ur\u00f3logo franc\u00e9s, el Dr. Llorens, ha realizado implantes peneanos y el \u00fanico modelo de esf\u00ednter urinario artificial disponible en el mercado para la incontinencia masculina severa. Decidi\u00f3 crear nuevos [&hellip;]<\/p>\n","protected":false},"author":2,"featured_media":27189,"parent":0,"menu_order":0,"comment_status":"closed","ping_status":"closed","template":"","meta":{"_monsterinsights_skip_tracking":false,"_monsterinsights_sitenote_active":false,"_monsterinsights_sitenote_note":"","_monsterinsights_sitenote_category":0,"footnotes":""},"yoast_head":"<!-- This site is optimized with the Yoast SEO plugin v22.1 - https:\/\/yoast.com\/wordpress\/plugins\/seo\/ -->\n<title>Qui\u00e9nes somos - Zephyr Surgical Implants<\/title>\n<meta name=\"robots\" content=\"index, follow, max-snippet:-1, max-image-preview:large, max-video-preview:-1\" \/>\n<link rel=\"canonical\" href=\"https:\/\/www.zsimplants.ch\/blog\/es\/quienes-somos\/\" \/>\n<meta property=\"og:locale\" content=\"en_US\" \/>\n<meta property=\"og:type\" content=\"article\" \/>\n<meta property=\"og:title\" content=\"Qui\u00e9nes somos - Zephyr Surgical Implants\" \/>\n<meta property=\"og:description\" content=\"Durante muchos a\u00f1os, un ur\u00f3logo franc\u00e9s, el Dr. Llorens, ha realizado implantes peneanos y el \u00fanico modelo de esf\u00ednter urinario artificial disponible en el mercado para la incontinencia masculina severa. Decidi\u00f3 crear nuevos [&hellip;]\" \/>\n<meta property=\"og:url\" content=\"https:\/\/www.zsimplants.ch\/blog\/es\/quienes-somos\/\" \/>\n<meta property=\"og:site_name\" content=\"Zephyr Surgical Implants\" \/>\n<meta property=\"article:modified_time\" content=\"2021-02-25T18:20:44+00:00\" \/>\n<meta property=\"og:image\" content=\"https:\/\/www.zsimplants.ch\/blog\/wp-content\/uploads\/2021\/01\/map-zsi-1-1024x534.png\" \/>\n\t<meta property=\"og:image:width\" content=\"1024\" \/>\n\t<meta property=\"og:image:height\" content=\"534\" \/>\n\t<meta property=\"og:image:type\" content=\"image\/png\" \/>\n<meta name=\"twitter:card\" content=\"summary_large_image\" \/>\n<meta name=\"twitter:label1\" content=\"Est. reading time\" \/>\n\t<meta name=\"twitter:data1\" content=\"3 minutes\" \/>\n<script type=\"application\/ld+json\" class=\"yoast-schema-graph\">{\"@context\":\"https:\/\/schema.org\",\"@graph\":[{\"@type\":\"WebPage\",\"@id\":\"https:\/\/www.zsimplants.ch\/blog\/es\/quienes-somos\/\",\"url\":\"https:\/\/www.zsimplants.ch\/blog\/es\/quienes-somos\/\",\"name\":\"Qui\u00e9nes somos - Zephyr Surgical Implants\",\"isPartOf\":{\"@id\":\"https:\/\/www.zsimplants.ch\/blo\/#website\"},\"datePublished\":\"2021-01-07T10:11:50+00:00\",\"dateModified\":\"2021-02-25T18:20:44+00:00\",\"breadcrumb\":{\"@id\":\"https:\/\/www.zsimplants.ch\/blog\/es\/quienes-somos\/#breadcrumb\"},\"inLanguage\":\"en-US\",\"potentialAction\":[{\"@type\":\"ReadAction\",\"target\":[\"https:\/\/www.zsimplants.ch\/blog\/es\/quienes-somos\/\"]}]},{\"@type\":\"BreadcrumbList\",\"@id\":\"https:\/\/www.zsimplants.ch\/blog\/es\/quienes-somos\/#breadcrumb\",\"itemListElement\":[{\"@type\":\"ListItem\",\"position\":1,\"name\":\"Accueil\",\"item\":\"https:\/\/www.zsimplants.ch\/blog\/\"},{\"@type\":\"ListItem\",\"position\":2,\"name\":\"Qui\u00e9nes somos\"}]},{\"@type\":\"WebSite\",\"@id\":\"https:\/\/www.zsimplants.ch\/blo\/#website\",\"url\":\"https:\/\/www.zsimplants.ch\/blo\/\",\"name\":\"Zephyr Surgical Implants\",\"description\":\"\",\"potentialAction\":[{\"@type\":\"SearchAction\",\"target\":{\"@type\":\"EntryPoint\",\"urlTemplate\":\"https:\/\/www.zsimplants.ch\/blo\/?s={search_term_string}\"},\"query-input\":\"required name=search_term_string\"}],\"inLanguage\":\"en-US\"}]}<\/script>\n<!-- \/ Yoast SEO plugin. -->","yoast_head_json":{"title":"Qui\u00e9nes somos - Zephyr Surgical Implants","robots":{"index":"index","follow":"follow","max-snippet":"max-snippet:-1","max-image-preview":"max-image-preview:large","max-video-preview":"max-video-preview:-1"},"canonical":"https:\/\/www.zsimplants.ch\/blog\/es\/quienes-somos\/","og_locale":"en_US","og_type":"article","og_title":"Qui\u00e9nes somos - Zephyr Surgical Implants","og_description":"Durante muchos a\u00f1os, un ur\u00f3logo franc\u00e9s, el Dr. Llorens, ha realizado implantes peneanos y el \u00fanico modelo de esf\u00ednter urinario artificial disponible en el mercado para la incontinencia masculina severa. Decidi\u00f3 crear nuevos [&hellip;]","og_url":"https:\/\/www.zsimplants.ch\/blog\/es\/quienes-somos\/","og_site_name":"Zephyr Surgical Implants","article_modified_time":"2021-02-25T18:20:44+00:00","og_image":[{"width":1024,"height":534,"url":"https:\/\/www.zsimplants.ch\/blog\/wp-content\/uploads\/2021\/01\/map-zsi-1-1024x534.png","type":"image\/png"}],"twitter_card":"summary_large_image","twitter_misc":{"Est. reading time":"3 minutes"},"schema":{"@context":"https:\/\/schema.org","@graph":[{"@type":"WebPage","@id":"https:\/\/www.zsimplants.ch\/blog\/es\/quienes-somos\/","url":"https:\/\/www.zsimplants.ch\/blog\/es\/quienes-somos\/","name":"Qui\u00e9nes somos - Zephyr Surgical Implants","isPartOf":{"@id":"https:\/\/www.zsimplants.ch\/blo\/#website"},"datePublished":"2021-01-07T10:11:50+00:00","dateModified":"2021-02-25T18:20:44+00:00","breadcrumb":{"@id":"https:\/\/www.zsimplants.ch\/blog\/es\/quienes-somos\/#breadcrumb"},"inLanguage":"en-US","potentialAction":[{"@type":"ReadAction","target":["https:\/\/www.zsimplants.ch\/blog\/es\/quienes-somos\/"]}]},{"@type":"BreadcrumbList","@id":"https:\/\/www.zsimplants.ch\/blog\/es\/quienes-somos\/#breadcrumb","itemListElement":[{"@type":"ListItem","position":1,"name":"Accueil","item":"https:\/\/www.zsimplants.ch\/blog\/"},{"@type":"ListItem","position":2,"name":"Qui\u00e9nes somos"}]},{"@type":"WebSite","@id":"https:\/\/www.zsimplants.ch\/blo\/#website","url":"https:\/\/www.zsimplants.ch\/blo\/","name":"Zephyr Surgical Implants","description":"","potentialAction":[{"@type":"SearchAction","target":{"@type":"EntryPoint","urlTemplate":"https:\/\/www.zsimplants.ch\/blo\/?s={search_term_string}"},"query-input":"required name=search_term_string"}],"inLanguage":"en-US"}]}},"lang":"es","translations":{"fr":1943,"en":23251,"es":23233},"pll_sync_post":[],"_links":{"self":[{"href":"https:\/\/www.zsimplants.ch\/blog\/wp-json\/wp\/v2\/pages\/23233"}],"collection":[{"href":"https:\/\/www.zsimplants.ch\/blog\/wp-json\/wp\/v2\/pages"}],"about":[{"href":"https:\/\/www.zsimplants.ch\/blog\/wp-json\/wp\/v2\/types\/page"}],"author":[{"embeddable":true,"href":"https:\/\/www.zsimplants.ch\/blog\/wp-json\/wp\/v2\/users\/2"}],"replies":[{"embeddable":true,"href":"https:\/\/www.zsimplants.ch\/blog\/wp-json\/wp\/v2\/comments?post=23233"}],"version-history":[{"count":1,"href":"https:\/\/www.zsimplants.ch\/blog\/wp-json\/wp\/v2\/pages\/23233\/revisions"}],"predecessor-version":[{"id":27190,"href":"https:\/\/www.zsimplants.ch\/blog\/wp-json\/wp\/v2\/pages\/23233\/revisions\/27190"}],"wp:featuredmedia":[{"embeddable":true,"href":"https:\/\/www.zsimplants.ch\/blog\/wp-json\/wp\/v2\/media\/27189"}],"wp:attachment":[{"href":"https:\/\/www.zsimplants.ch\/blog\/wp-json\/wp\/v2\/media?parent=23233"}],"curies":[{"name":"wp","href":"https:\/\/api.w.org\/{rel}","templated":true}]}}