{"id":23292,"date":"2021-01-07T14:59:02","date_gmt":"2021-01-07T13:59:02","guid":{"rendered":"https:\/\/www.zsimplants.ch\/blog\/?page_id=23292"},"modified":"2021-02-12T14:18:14","modified_gmt":"2021-02-12T13:18:14","slug":"nos-partenaires","status":"publish","type":"page","link":"https:\/\/www.zsimplants.ch\/blog\/fr\/nos-partenaires\/","title":{"rendered":"NOS PARTENAIRES"},"content":{"rendered":"<section><div class=\"container\"><div class=\"row\"><div class=\"wpb_column hcode-column-container vc_col-sm-4 col-xs-mobile-fullwidth\" data-front-class=\"col-xs-mobile-fullwidth\"><div class=\"vc-column-innner-wrapper\"><\/div><\/div><div class=\"wpb_column hcode-column-container vc_col-sm-4 col-xs-mobile-fullwidth\" data-front-class=\"col-xs-mobile-fullwidth\"><div class=\"vc-column-innner-wrapper\"><div class=\"client-main position-relative overflow-hidden \" ><img loading=\"lazy\" decoding=\"async\" width=\"826\" height=\"531\" src=\"https:\/\/www.zsimplants.ch\/blog\/wp-content\/uploads\/2021\/02\/face-a-toi-meme-logo.jpg\" class=\"attachment-full size-full\" alt=\"\" srcset=\"https:\/\/www.zsimplants.ch\/blog\/wp-content\/uploads\/2021\/02\/face-a-toi-meme-logo.jpg 826w, https:\/\/www.zsimplants.ch\/blog\/wp-content\/uploads\/2021\/02\/face-a-toi-meme-logo-300x193.jpg 300w, https:\/\/www.zsimplants.ch\/blog\/wp-content\/uploads\/2021\/02\/face-a-toi-meme-logo-768x494.jpg 768w, https:\/\/www.zsimplants.ch\/blog\/wp-content\/uploads\/2021\/02\/face-a-toi-meme-logo-81x52.jpg 81w\" sizes=\"(max-width: 826px) 100vw, 826px\" \/><div class=\"client-text position-absolute display-block bg-white text-center\"><p>Boutique Europ\u00e9enne pour les personnes FTM.<\/p>\n<a class=\"highlight-button-dark btn btn-very-small margin-three no-margin hcode-button-69de2e068ee27\" href=\"https:\/\/faceatoimeme.com\" target=\"_blank\">Face \u00e0 Toi M\u00eame<\/a><\/div><\/div><\/div><\/div><div class=\"wpb_column hcode-column-container vc_col-sm-4 col-xs-mobile-fullwidth\" data-front-class=\"col-xs-mobile-fullwidth\"><div class=\"vc-column-innner-wrapper\"><\/div><\/div><\/div><\/div><\/section>","protected":false},"excerpt":{"rendered":"<p>Boutique Europ\u00e9enne pour les personnes FTM. Face \u00e0 Toi M\u00eame<\/p>\n","protected":false},"author":2,"featured_media":0,"parent":0,"menu_order":0,"comment_status":"closed","ping_status":"closed","template":"","meta":{"_monsterinsights_skip_tracking":false,"_monsterinsights_sitenote_active":false,"_monsterinsights_sitenote_note":"","_monsterinsights_sitenote_category":0,"footnotes":""},"yoast_head":"<!-- This site is optimized with the Yoast SEO plugin v22.1 - https:\/\/yoast.com\/wordpress\/plugins\/seo\/ -->\n<title>NOS PARTENAIRES - Zephyr Surgical Implants<\/title>\n<meta name=\"robots\" content=\"index, follow, max-snippet:-1, max-image-preview:large, max-video-preview:-1\" \/>\n<link rel=\"canonical\" href=\"https:\/\/www.zsimplants.ch\/blog\/fr\/nos-partenaires\/\" \/>\n<meta property=\"og:locale\" content=\"en_US\" \/>\n<meta property=\"og:type\" content=\"article\" \/>\n<meta property=\"og:title\" content=\"NOS PARTENAIRES - Zephyr Surgical Implants\" \/>\n<meta property=\"og:description\" content=\"Boutique Europ\u00e9enne pour les personnes FTM. Face \u00e0 Toi M\u00eame\" \/>\n<meta property=\"og:url\" content=\"https:\/\/www.zsimplants.ch\/blog\/fr\/nos-partenaires\/\" \/>\n<meta property=\"og:site_name\" content=\"Zephyr Surgical Implants\" \/>\n<meta property=\"article:modified_time\" content=\"2021-02-12T13:18:14+00:00\" \/>\n<meta property=\"og:image\" content=\"https:\/\/www.zsimplants.ch\/blog\/wp-content\/uploads\/2021\/03\/Personajes-Bolog-ZSI-FTM-MTF-01.png\" \/>\n\t<meta property=\"og:image:width\" content=\"1387\" \/>\n\t<meta property=\"og:image:height\" content=\"1192\" \/>\n\t<meta property=\"og:image:type\" content=\"image\/png\" \/>\n<meta name=\"twitter:card\" content=\"summary_large_image\" \/>\n<script type=\"application\/ld+json\" class=\"yoast-schema-graph\">{\"@context\":\"https:\/\/schema.org\",\"@graph\":[{\"@type\":\"WebPage\",\"@id\":\"https:\/\/www.zsimplants.ch\/blog\/fr\/nos-partenaires\/\",\"url\":\"https:\/\/www.zsimplants.ch\/blog\/fr\/nos-partenaires\/\",\"name\":\"NOS PARTENAIRES - Zephyr Surgical Implants\",\"isPartOf\":{\"@id\":\"https:\/\/www.zsimplants.ch\/blo\/#website\"},\"datePublished\":\"2021-01-07T13:59:02+00:00\",\"dateModified\":\"2021-02-12T13:18:14+00:00\",\"breadcrumb\":{\"@id\":\"https:\/\/www.zsimplants.ch\/blog\/fr\/nos-partenaires\/#breadcrumb\"},\"inLanguage\":\"en-US\",\"potentialAction\":[{\"@type\":\"ReadAction\",\"target\":[\"https:\/\/www.zsimplants.ch\/blog\/fr\/nos-partenaires\/\"]}]},{\"@type\":\"BreadcrumbList\",\"@id\":\"https:\/\/www.zsimplants.ch\/blog\/fr\/nos-partenaires\/#breadcrumb\",\"itemListElement\":[{\"@type\":\"ListItem\",\"position\":1,\"name\":\"Accueil\",\"item\":\"https:\/\/www.zsimplants.ch\/blog\/\"},{\"@type\":\"ListItem\",\"position\":2,\"name\":\"NOS PARTENAIRES\"}]},{\"@type\":\"WebSite\",\"@id\":\"https:\/\/www.zsimplants.ch\/blo\/#website\",\"url\":\"https:\/\/www.zsimplants.ch\/blo\/\",\"name\":\"Zephyr Surgical Implants\",\"description\":\"\",\"potentialAction\":[{\"@type\":\"SearchAction\",\"target\":{\"@type\":\"EntryPoint\",\"urlTemplate\":\"https:\/\/www.zsimplants.ch\/blo\/?s={search_term_string}\"},\"query-input\":\"required name=search_term_string\"}],\"inLanguage\":\"en-US\"}]}<\/script>\n<!-- \/ Yoast SEO plugin. -->","yoast_head_json":{"title":"NOS PARTENAIRES - Zephyr Surgical Implants","robots":{"index":"index","follow":"follow","max-snippet":"max-snippet:-1","max-image-preview":"max-image-preview:large","max-video-preview":"max-video-preview:-1"},"canonical":"https:\/\/www.zsimplants.ch\/blog\/fr\/nos-partenaires\/","og_locale":"en_US","og_type":"article","og_title":"NOS PARTENAIRES - Zephyr Surgical Implants","og_description":"Boutique Europ\u00e9enne pour les personnes FTM. Face \u00e0 Toi M\u00eame","og_url":"https:\/\/www.zsimplants.ch\/blog\/fr\/nos-partenaires\/","og_site_name":"Zephyr Surgical Implants","article_modified_time":"2021-02-12T13:18:14+00:00","og_image":[{"width":1387,"height":1192,"url":"https:\/\/www.zsimplants.ch\/blog\/wp-content\/uploads\/2021\/03\/Personajes-Bolog-ZSI-FTM-MTF-01.png","type":"image\/png"}],"twitter_card":"summary_large_image","schema":{"@context":"https:\/\/schema.org","@graph":[{"@type":"WebPage","@id":"https:\/\/www.zsimplants.ch\/blog\/fr\/nos-partenaires\/","url":"https:\/\/www.zsimplants.ch\/blog\/fr\/nos-partenaires\/","name":"NOS PARTENAIRES - Zephyr Surgical Implants","isPartOf":{"@id":"https:\/\/www.zsimplants.ch\/blo\/#website"},"datePublished":"2021-01-07T13:59:02+00:00","dateModified":"2021-02-12T13:18:14+00:00","breadcrumb":{"@id":"https:\/\/www.zsimplants.ch\/blog\/fr\/nos-partenaires\/#breadcrumb"},"inLanguage":"en-US","potentialAction":[{"@type":"ReadAction","target":["https:\/\/www.zsimplants.ch\/blog\/fr\/nos-partenaires\/"]}]},{"@type":"BreadcrumbList","@id":"https:\/\/www.zsimplants.ch\/blog\/fr\/nos-partenaires\/#breadcrumb","itemListElement":[{"@type":"ListItem","position":1,"name":"Accueil","item":"https:\/\/www.zsimplants.ch\/blog\/"},{"@type":"ListItem","position":2,"name":"NOS PARTENAIRES"}]},{"@type":"WebSite","@id":"https:\/\/www.zsimplants.ch\/blo\/#website","url":"https:\/\/www.zsimplants.ch\/blo\/","name":"Zephyr Surgical Implants","description":"","potentialAction":[{"@type":"SearchAction","target":{"@type":"EntryPoint","urlTemplate":"https:\/\/www.zsimplants.ch\/blo\/?s={search_term_string}"},"query-input":"required name=search_term_string"}],"inLanguage":"en-US"}]}},"lang":"fr","translations":{"en":522,"fr":23292,"es":23297},"pll_sync_post":[],"_links":{"self":[{"href":"https:\/\/www.zsimplants.ch\/blog\/wp-json\/wp\/v2\/pages\/23292"}],"collection":[{"href":"https:\/\/www.zsimplants.ch\/blog\/wp-json\/wp\/v2\/pages"}],"about":[{"href":"https:\/\/www.zsimplants.ch\/blog\/wp-json\/wp\/v2\/types\/page"}],"author":[{"embeddable":true,"href":"https:\/\/www.zsimplants.ch\/blog\/wp-json\/wp\/v2\/users\/2"}],"replies":[{"embeddable":true,"href":"https:\/\/www.zsimplants.ch\/blog\/wp-json\/wp\/v2\/comments?post=23292"}],"version-history":[{"count":4,"href":"https:\/\/www.zsimplants.ch\/blog\/wp-json\/wp\/v2\/pages\/23292\/revisions"}],"predecessor-version":[{"id":26922,"href":"https:\/\/www.zsimplants.ch\/blog\/wp-json\/wp\/v2\/pages\/23292\/revisions\/26922"}],"wp:attachment":[{"href":"https:\/\/www.zsimplants.ch\/blog\/wp-json\/wp\/v2\/media?parent=23292"}],"curies":[{"name":"wp","href":"https:\/\/api.w.org\/{rel}","templated":true}]}}