{"id":23723,"date":"2021-01-12T10:27:32","date_gmt":"2021-01-12T09:27:32","guid":{"rendered":"https:\/\/www.zsimplants.ch\/blog\/?page_id=23723"},"modified":"2021-02-25T19:10:31","modified_gmt":"2021-02-25T18:10:31","slug":"sites-internet","status":"publish","type":"page","link":"https:\/\/www.zsimplants.ch\/blog\/fr\/sites-internet\/","title":{"rendered":"Sites Internet"},"content":{"rendered":"<section class=\"padding-three-tb sm-padding-three-tb\"><div class=\"container\"><div class=\"row\"><div class=\"wpb_column hcode-column-container text-center sm-text-center xs-text-center vc_col-sm-12 col-xs-mobile-fullwidth\" data-front-class=\"text-center sm-text-center xs-text-center col-xs-mobile-fullwidth\"><div class=\"vc-column-innner-wrapper\"><h3 class=\"section-title  black-text\">RESSOURCES FTM<\/h3><\/div><\/div><div class=\"wpb_column hcode-column-container vc_col-sm-4 col-xs-mobile-fullwidth\" data-front-class=\"col-xs-mobile-fullwidth\"><div class=\"vc-column-innner-wrapper\"><div class=\"position-relative\"><a href=\"http:\/\/ftm-transsexuel.info\/\" target=\"_blank\"><img loading=\"lazy\" decoding=\"async\" width=\"374\" height=\"234\" src=\"https:\/\/www.zsimplants.ch\/blog\/wp-content\/uploads\/2021\/01\/FTM-Info-1-374x234.png\" class=\"attachment-hcode-related-post size-hcode-related-post\" alt=\"\" srcset=\"https:\/\/www.zsimplants.ch\/blog\/wp-content\/uploads\/2021\/01\/FTM-Info-1-374x234.png 374w, https:\/\/www.zsimplants.ch\/blog\/wp-content\/uploads\/2021\/01\/FTM-Info-1-133x83.png 133w\" sizes=\"(max-width: 374px) 100vw, 374px\" \/><\/a><a class=\"highlight-button-dark btn btn-very-small view-map no-margin bg-black white-text hcode-button-69de92c420e1d\" href=\"http:\/\/ftm-transsexuel.info\/\" target=\"_blank\">ftm-transsexuel.info<\/a><\/div><a href=\"http:\/\/ftm-transsexuel.info\/\" target=\"_blank\"><p class=\"text-med black-text letter-spacing-1 margin-ten no-margin-bottom text-uppercase font-weight-600 xs-margin-top-five\" >FTM-Info<\/p><\/a><p>Un site en fran\u00e7ais, tr\u00e8s complet sur la plupart des sujets m\u00e9dicaux, sociaux, \u00e9conomiques, touchant les personnes FTM.<\/p>\n<div class=\"wide-separator-line bg-mid-gray no-margin-lr\" style=\"background:#eb6608;height:3px;\"><\/div><p class=\"black-text no-margin-bottom\"><strong style=\"color:#eb6608\"><\/strong> <a href=\"tel:http:\/\/ftm-transsexuel.info\/\">http:\/\/ftm-transsexuel.info\/<\/a><\/p><\/div><\/div><div class=\"wpb_column hcode-column-container vc_col-sm-4 col-xs-mobile-fullwidth\" data-front-class=\"col-xs-mobile-fullwidth\"><div class=\"vc-column-innner-wrapper\"><div class=\"position-relative\"><a href=\"http:\/\/www.ftmguide.org\/\" target=\"_blank\"><img loading=\"lazy\" decoding=\"async\" width=\"374\" height=\"234\" src=\"https:\/\/www.zsimplants.ch\/blog\/wp-content\/uploads\/2021\/01\/FTM-Guide-1-374x234.png\" class=\"attachment-hcode-related-post size-hcode-related-post\" alt=\"\" srcset=\"https:\/\/www.zsimplants.ch\/blog\/wp-content\/uploads\/2021\/01\/FTM-Guide-1-374x234.png 374w, https:\/\/www.zsimplants.ch\/blog\/wp-content\/uploads\/2021\/01\/FTM-Guide-1-133x83.png 133w\" sizes=\"(max-width: 374px) 100vw, 374px\" \/><\/a><a class=\"highlight-button-dark btn btn-very-small view-map no-margin bg-black white-text hcode-button-69de92c421135\" href=\"http:\/\/www.ftmguide.org\/\" target=\"_blank\">www.ftmguide.org<\/a><\/div><a href=\"http:\/\/www.ftmguide.org\/\" target=\"_blank\"><p class=\"text-med black-text letter-spacing-1 margin-ten no-margin-bottom text-uppercase font-weight-600 xs-margin-top-five\" >FTM Guide<\/p><\/a><p>Un guide sur les traitements m\u00e9dicaux, comment \u00ab passer \u00bben soci\u00e9t\u00e9, faire des rencontres, vivre parmi les autres, etc.<\/p>\n<div class=\"wide-separator-line bg-mid-gray no-margin-lr\" style=\"background:#eb6608;height:3px;\"><\/div><p class=\"black-text no-margin-bottom\"><strong style=\"color:#eb6608\"><\/strong> <a href=\"tel:http:\/\/www.ftmguide.org\/\">http:\/\/www.ftmguide.org\/<\/a><\/p><\/div><\/div><div class=\"wpb_column hcode-column-container vc_col-sm-4 col-xs-mobile-fullwidth\" data-front-class=\"col-xs-mobile-fullwidth\"><div class=\"vc-column-innner-wrapper\"><div class=\"position-relative\"><a href=\"https:\/\/www.ftmsurgery.net\/\" target=\"_blank\"><img loading=\"lazy\" decoding=\"async\" width=\"374\" height=\"234\" src=\"https:\/\/www.zsimplants.ch\/blog\/wp-content\/uploads\/2021\/01\/FTM-Surgery-1-374x234.png\" class=\"attachment-hcode-related-post size-hcode-related-post\" alt=\"\" srcset=\"https:\/\/www.zsimplants.ch\/blog\/wp-content\/uploads\/2021\/01\/FTM-Surgery-1-374x234.png 374w, https:\/\/www.zsimplants.ch\/blog\/wp-content\/uploads\/2021\/01\/FTM-Surgery-1-133x83.png 133w\" sizes=\"(max-width: 374px) 100vw, 374px\" \/><\/a><a class=\"highlight-button-dark btn btn-very-small view-map no-margin bg-black white-text hcode-button-69de92c42140a\" href=\"https:\/\/www.ftmsurgery.net\/\" target=\"_blank\">www.ftmsurgery.net<\/a><\/div><a href=\"https:\/\/www.ftmsurgery.net\/\" target=\"_blank\"><p class=\"text-med black-text letter-spacing-1 margin-ten no-margin-bottom text-uppercase font-weight-600 xs-margin-top-five\" >FTM Surgery<\/p><\/a><p>Apporte support aux hommes trans et informe des chirurgiens sp\u00e9cialis\u00e9s dans les op\u00e9rations de r\u00e9assignation sexuelle.<\/p>\n<div class=\"wide-separator-line bg-mid-gray no-margin-lr\" style=\"background:#eb6608;height:3px;\"><\/div><p class=\"black-text no-margin-bottom\"><strong style=\"color:#eb6608\"><\/strong> <a href=\"tel:https:\/\/www.ftmsurgery.net\/\">https:\/\/www.ftmsurgery.net\/<\/a><\/p><\/div><\/div><\/div><\/div><\/section><section class=\"no-padding sm-no-padding xs-no-padding\"><div class=\"container\"><div class=\"row\"><div class=\"wpb_column hcode-column-container vc_col-sm-4 col-xs-mobile-fullwidth\" data-front-class=\"col-xs-mobile-fullwidth\"><div class=\"vc-column-innner-wrapper\"><div class=\"position-relative\"><a href=\"https:\/\/www.phallo.net\/\" target=\"_blank\"><img loading=\"lazy\" decoding=\"async\" width=\"374\" height=\"234\" src=\"https:\/\/www.zsimplants.ch\/blog\/wp-content\/uploads\/2021\/01\/Phallo.net_-1-374x234.png\" class=\"attachment-hcode-related-post size-hcode-related-post\" alt=\"\" srcset=\"https:\/\/www.zsimplants.ch\/blog\/wp-content\/uploads\/2021\/01\/Phallo.net_-1-374x234.png 374w, https:\/\/www.zsimplants.ch\/blog\/wp-content\/uploads\/2021\/01\/Phallo.net_-1-133x83.png 133w\" sizes=\"(max-width: 374px) 100vw, 374px\" \/><\/a><a class=\"highlight-button-dark btn btn-very-small view-map no-margin bg-black white-text hcode-button-69de92c421730\" href=\"https:\/\/www.phallo.net\/\" target=\"_blank\">www.phallo.net<\/a><\/div><a href=\"https:\/\/www.phallo.net\/\" target=\"_blank\"><p class=\"text-med black-text letter-spacing-1 margin-ten no-margin-bottom text-uppercase font-weight-600 xs-margin-top-five\" >Phallo.net<\/p><\/a><p>Un guide sur la phalloplastie et les chirurgies associ\u00e9es. Donne beaucoup d\u2019informations utiles (processus de transition, les chirurgiens, les centres, des photos avant-apr\u00e8s, etc.)<\/p>\n<div class=\"wide-separator-line bg-mid-gray no-margin-lr\" style=\"background:#eb6608;height:3px;\"><\/div><p class=\"black-text no-margin-bottom\"><strong style=\"color:#eb6608\"><\/strong> <a href=\"tel:https:\/\/www.phallo.net\/\">https:\/\/www.phallo.net\/<\/a><\/p><\/div><\/div><div class=\"wpb_column hcode-column-container vc_col-sm-4 col-xs-mobile-fullwidth\" data-front-class=\"col-xs-mobile-fullwidth\"><div class=\"vc-column-innner-wrapper\"><div class=\"position-relative\"><a href=\"https:\/\/transguys.com\/\" target=\"_blank\"><img loading=\"lazy\" decoding=\"async\" width=\"374\" height=\"234\" src=\"https:\/\/www.zsimplants.ch\/blog\/wp-content\/uploads\/2021\/01\/Transguys-Hub-1-374x234.png\" class=\"attachment-hcode-related-post size-hcode-related-post\" alt=\"\" srcset=\"https:\/\/www.zsimplants.ch\/blog\/wp-content\/uploads\/2021\/01\/Transguys-Hub-1-374x234.png 374w, https:\/\/www.zsimplants.ch\/blog\/wp-content\/uploads\/2021\/01\/Transguys-Hub-1-133x83.png 133w\" sizes=\"(max-width: 374px) 100vw, 374px\" \/><\/a><a class=\"highlight-button-dark btn btn-very-small view-map no-margin bg-black white-text hcode-button-69de92c421a06\" href=\"https:\/\/transguys.com\/\" target=\"_blank\">transguys.com<\/a><\/div><a href=\"https:\/\/transguys.com\/\" target=\"_blank\"><p class=\"text-med black-text letter-spacing-1 margin-ten no-margin-bottom text-uppercase font-weight-600 xs-margin-top-five\" >Transguys Hub<\/p><\/a><p>Un magazine web sur l\u2019actualit\u00e9, les \u00e9tudes et des sujets autour des personnes transgenres.<\/p>\n<div class=\"wide-separator-line bg-mid-gray no-margin-lr\" style=\"background:#eb6608;height:3px;\"><\/div><p class=\"black-text no-margin-bottom\"><strong style=\"color:#eb6608\"><\/strong> <a href=\"tel:https:\/\/transguys.com\/\">https:\/\/transguys.com\/<\/a><\/p><\/div><\/div><div class=\"wpb_column hcode-column-container vc_col-sm-4 col-xs-mobile-fullwidth\" data-front-class=\"col-xs-mobile-fullwidth\"><div class=\"vc-column-innner-wrapper\"><\/div><\/div><\/div><\/div><\/section><section class=\"padding-three-tb sm-padding-three-tb\"><div class=\"container\"><div class=\"row\"><div class=\"wpb_column hcode-column-container text-center sm-text-center xs-text-center vc_col-sm-12 col-xs-mobile-fullwidth\" data-front-class=\"text-center sm-text-center xs-text-center col-xs-mobile-fullwidth\"><div class=\"vc-column-innner-wrapper\">[vc_separator css=\".vc_custom_1610438127211{padding-top: 20px !important;}\"][vc_empty_space]<h3 class=\"section-title  black-text\">RESSOURCES MTF<\/h3><\/div><\/div><div class=\"wpb_column hcode-column-container vc_col-sm-4 col-xs-mobile-fullwidth\" data-front-class=\"col-xs-mobile-fullwidth\"><div class=\"vc-column-innner-wrapper\"><\/div><\/div><div class=\"wpb_column hcode-column-container vc_col-sm-4 col-xs-mobile-fullwidth\" data-front-class=\"col-xs-mobile-fullwidth\"><div class=\"vc-column-innner-wrapper\"><div class=\"position-relative\"><a href=\"https:\/\/www.mtfsurgery.net\/\" target=\"_blank\"><img loading=\"lazy\" decoding=\"async\" width=\"374\" height=\"234\" src=\"https:\/\/www.zsimplants.ch\/blog\/wp-content\/uploads\/2021\/01\/MTF-Surgery-1-374x234.png\" class=\"attachment-hcode-related-post size-hcode-related-post\" alt=\"\" srcset=\"https:\/\/www.zsimplants.ch\/blog\/wp-content\/uploads\/2021\/01\/MTF-Surgery-1-374x234.png 374w, https:\/\/www.zsimplants.ch\/blog\/wp-content\/uploads\/2021\/01\/MTF-Surgery-1-133x83.png 133w\" sizes=\"(max-width: 374px) 100vw, 374px\" \/><\/a><a class=\"highlight-button-dark btn btn-very-small view-map no-margin bg-black white-text hcode-button-69de92c421dd9\" href=\"https:\/\/www.mtfsurgery.net\/\" target=\"_blank\">www.mtfsurgery.net<\/a><\/div><a href=\"https:\/\/www.mtfsurgery.net\/\" target=\"_blank\"><p class=\"text-med black-text letter-spacing-1 margin-ten no-margin-bottom text-uppercase font-weight-600 xs-margin-top-five\" >MTF Surgery<\/p><\/a><p>Un guide sur les personnes MtF et les chirurgies associ\u00e9es. Donne beaucoup d\u2019informations utiles (processus de transition, les chirurgiens, les centres, des photos avant-apr\u00e8s, etc.)<\/p>\n<div class=\"wide-separator-line bg-mid-gray no-margin-lr\" style=\"background:#eb6608;height:3px;\"><\/div><p class=\"black-text no-margin-bottom\"><strong style=\"color:#eb6608\"><\/strong> <a href=\"tel:https:\/\/www.mtfsurgery.net\/\">https:\/\/www.mtfsurgery.net\/<\/a><\/p><\/div><\/div><div class=\"wpb_column hcode-column-container vc_col-sm-4 col-xs-mobile-fullwidth\" data-front-class=\"col-xs-mobile-fullwidth\"><div class=\"vc-column-innner-wrapper\"><\/div><\/div><\/div><\/div><\/section><section class=\"padding-three-tb sm-padding-three-tb\"><div class=\"container\"><div class=\"row\"><div class=\"wpb_column hcode-column-container text-center sm-text-center xs-text-center vc_col-sm-12 col-xs-mobile-fullwidth\" data-front-class=\"text-center sm-text-center xs-text-center col-xs-mobile-fullwidth\"><div class=\"vc-column-innner-wrapper\">[vc_separator css=\".vc_custom_1610438127211{padding-top: 20px !important;}\"][vc_empty_space]<h3 class=\"section-title  black-text\">ACTUALIT\u00c9S LGBTQI+<\/h3><\/div><\/div><div class=\"wpb_column hcode-column-container vc_col-sm-4 col-xs-mobile-fullwidth\" data-front-class=\"col-xs-mobile-fullwidth\"><div class=\"vc-column-innner-wrapper\"><div class=\"position-relative\"><a href=\"https:\/\/www.pinknews.co.uk\/\" target=\"_blank\"><img loading=\"lazy\" decoding=\"async\" width=\"374\" height=\"234\" src=\"https:\/\/www.zsimplants.ch\/blog\/wp-content\/uploads\/2021\/01\/PinkNews-1-374x234.png\" class=\"attachment-hcode-related-post size-hcode-related-post\" alt=\"\" srcset=\"https:\/\/www.zsimplants.ch\/blog\/wp-content\/uploads\/2021\/01\/PinkNews-1-374x234.png 374w, https:\/\/www.zsimplants.ch\/blog\/wp-content\/uploads\/2021\/01\/PinkNews-1-133x83.png 133w\" sizes=\"(max-width: 374px) 100vw, 374px\" \/><\/a><a class=\"highlight-button-dark btn btn-very-small view-map no-margin bg-black white-text hcode-button-69de92c42217c\" href=\"https:\/\/www.pinknews.co.uk\/\" target=\"_blank\">www.pinknews.co.uk<\/a><\/div><a href=\"https:\/\/www.pinknews.co.uk\/\" target=\"_blank\"><p class=\"text-med black-text letter-spacing-1 margin-ten no-margin-bottom text-uppercase font-weight-600 xs-margin-top-five\" >PinkNews<\/p><\/a><div class=\"wide-separator-line bg-mid-gray no-margin-lr\" style=\"background:#eb6608;height:3px;\"><\/div><p class=\"black-text no-margin-bottom\"><strong style=\"color:#eb6608\"><\/strong> <a href=\"tel:https:\/\/www.pinknews.co.uk\/\">https:\/\/www.pinknews.co.uk\/<\/a><\/p><\/div><\/div><div class=\"wpb_column hcode-column-container vc_col-sm-4 col-xs-mobile-fullwidth\" data-front-class=\"col-xs-mobile-fullwidth\"><div class=\"vc-column-innner-wrapper\"><div class=\"position-relative\"><a href=\"https:\/\/tetu.com\/\" target=\"_blank\"><img loading=\"lazy\" decoding=\"async\" width=\"374\" height=\"234\" src=\"https:\/\/www.zsimplants.ch\/blog\/wp-content\/uploads\/2021\/01\/TE\u0302TU-374x234.png\" class=\"attachment-hcode-related-post size-hcode-related-post\" alt=\"\" srcset=\"https:\/\/www.zsimplants.ch\/blog\/wp-content\/uploads\/2021\/01\/TE\u0302TU-374x234.png 374w, https:\/\/www.zsimplants.ch\/blog\/wp-content\/uploads\/2021\/01\/TE\u0302TU-133x83.png 133w\" sizes=\"(max-width: 374px) 100vw, 374px\" \/><\/a><a class=\"highlight-button-dark btn btn-very-small view-map no-margin bg-black white-text hcode-button-69de92c42243a\" href=\"https:\/\/tetu.com\/\" target=\"_blank\">tetu.com<\/a><\/div><a href=\"https:\/\/tetu.com\/\" target=\"_blank\"><p class=\"text-med black-text letter-spacing-1 margin-ten no-margin-bottom text-uppercase font-weight-600 xs-margin-top-five\" >T\u00caTU<\/p><\/a><div class=\"wide-separator-line bg-mid-gray no-margin-lr\" style=\"background:#eb6608;height:3px;\"><\/div><p class=\"black-text no-margin-bottom\"><strong style=\"color:#eb6608\"><\/strong> <a href=\"tel:https:\/\/tetu.com\/\">https:\/\/tetu.com\/<\/a><\/p><\/div><\/div><div class=\"wpb_column hcode-column-container vc_col-sm-4 col-xs-mobile-fullwidth\" data-front-class=\"col-xs-mobile-fullwidth\"><div class=\"vc-column-innner-wrapper\"><div class=\"position-relative\"><a href=\"https:\/\/www.glaad.org\/\" target=\"_blank\"><img loading=\"lazy\" decoding=\"async\" width=\"374\" height=\"234\" src=\"https:\/\/www.zsimplants.ch\/blog\/wp-content\/uploads\/2021\/01\/GLAAD-1-374x234.png\" class=\"attachment-hcode-related-post size-hcode-related-post\" alt=\"\" srcset=\"https:\/\/www.zsimplants.ch\/blog\/wp-content\/uploads\/2021\/01\/GLAAD-1-374x234.png 374w, https:\/\/www.zsimplants.ch\/blog\/wp-content\/uploads\/2021\/01\/GLAAD-1-133x83.png 133w\" sizes=\"(max-width: 374px) 100vw, 374px\" \/><\/a><a class=\"highlight-button-dark btn btn-very-small view-map no-margin bg-black white-text hcode-button-69de92c4226ee\" href=\"https:\/\/www.glaad.org\/\" target=\"_blank\">www.glaad.org<\/a><\/div><a href=\"https:\/\/www.glaad.org\/\" target=\"_blank\"><p class=\"text-med black-text letter-spacing-1 margin-ten no-margin-bottom text-uppercase font-weight-600 xs-margin-top-five\" >GLAAD<\/p><\/a><div class=\"wide-separator-line bg-mid-gray no-margin-lr\" style=\"background:#eb6608;height:3px;\"><\/div><p class=\"black-text no-margin-bottom\"><strong style=\"color:#eb6608\"><\/strong> <a href=\"tel:https:\/\/www.glaad.org\/\">https:\/\/www.glaad.org\/<\/a><\/p><\/div><\/div><\/div><\/div><\/section>","protected":false},"excerpt":{"rendered":"<p>RESSOURCES FTMftm-transsexuel.infoFTM-InfoUn site en fran\u00e7ais, tr\u00e8s complet sur la plupart des sujets m\u00e9dicaux, sociaux, \u00e9conomiques, touchant les personnes FTM. http:\/\/ftm-transsexuel.info\/www.ftmguide.orgFTM GuideUn guide sur les traitements m\u00e9dicaux, comment \u00ab passer \u00bben soci\u00e9t\u00e9, faire des [&hellip;]<\/p>\n","protected":false},"author":2,"featured_media":27182,"parent":0,"menu_order":0,"comment_status":"closed","ping_status":"closed","template":"","meta":{"_monsterinsights_skip_tracking":false,"_monsterinsights_sitenote_active":false,"_monsterinsights_sitenote_note":"","_monsterinsights_sitenote_category":0,"footnotes":""},"yoast_head":"<!-- This site is optimized with the Yoast SEO plugin v22.1 - https:\/\/yoast.com\/wordpress\/plugins\/seo\/ -->\n<title>Sites Internet - Zephyr Surgical Implants<\/title>\n<meta name=\"robots\" content=\"index, follow, max-snippet:-1, max-image-preview:large, max-video-preview:-1\" \/>\n<link rel=\"canonical\" href=\"https:\/\/www.zsimplants.ch\/blog\/fr\/sites-internet\/\" \/>\n<meta property=\"og:locale\" content=\"en_US\" \/>\n<meta property=\"og:type\" content=\"article\" \/>\n<meta property=\"og:title\" content=\"Sites Internet - Zephyr Surgical Implants\" \/>\n<meta property=\"og:description\" content=\"RESSOURCES FTMftm-transsexuel.infoFTM-InfoUn site en fran\u00e7ais, tr\u00e8s complet sur la plupart des sujets m\u00e9dicaux, sociaux, \u00e9conomiques, touchant les personnes FTM. http:\/\/ftm-transsexuel.info\/www.ftmguide.orgFTM GuideUn guide sur les traitements m\u00e9dicaux, comment \u00ab passer \u00bben soci\u00e9t\u00e9, faire des [&hellip;]\" \/>\n<meta property=\"og:url\" content=\"https:\/\/www.zsimplants.ch\/blog\/fr\/sites-internet\/\" \/>\n<meta property=\"og:site_name\" content=\"Zephyr Surgical Implants\" \/>\n<meta property=\"article:modified_time\" content=\"2021-02-25T18:10:31+00:00\" \/>\n<meta property=\"og:image\" content=\"https:\/\/www.zsimplants.ch\/blog\/wp-content\/uploads\/2021\/02\/carl-heyerdahl-KE0nC8-58MQ-unsplash-scaled-1.jpg\" \/>\n\t<meta property=\"og:image:width\" content=\"2560\" \/>\n\t<meta property=\"og:image:height\" content=\"1707\" \/>\n\t<meta property=\"og:image:type\" content=\"image\/jpeg\" \/>\n<meta name=\"twitter:card\" content=\"summary_large_image\" \/>\n<meta name=\"twitter:label1\" content=\"Est. reading time\" \/>\n\t<meta name=\"twitter:data1\" content=\"7 minutes\" \/>\n<script type=\"application\/ld+json\" class=\"yoast-schema-graph\">{\"@context\":\"https:\/\/schema.org\",\"@graph\":[{\"@type\":\"WebPage\",\"@id\":\"https:\/\/www.zsimplants.ch\/blog\/fr\/sites-internet\/\",\"url\":\"https:\/\/www.zsimplants.ch\/blog\/fr\/sites-internet\/\",\"name\":\"Sites Internet - Zephyr Surgical Implants\",\"isPartOf\":{\"@id\":\"https:\/\/www.zsimplants.ch\/blo\/#website\"},\"datePublished\":\"2021-01-12T09:27:32+00:00\",\"dateModified\":\"2021-02-25T18:10:31+00:00\",\"breadcrumb\":{\"@id\":\"https:\/\/www.zsimplants.ch\/blog\/fr\/sites-internet\/#breadcrumb\"},\"inLanguage\":\"en-US\",\"potentialAction\":[{\"@type\":\"ReadAction\",\"target\":[\"https:\/\/www.zsimplants.ch\/blog\/fr\/sites-internet\/\"]}]},{\"@type\":\"BreadcrumbList\",\"@id\":\"https:\/\/www.zsimplants.ch\/blog\/fr\/sites-internet\/#breadcrumb\",\"itemListElement\":[{\"@type\":\"ListItem\",\"position\":1,\"name\":\"Accueil\",\"item\":\"https:\/\/www.zsimplants.ch\/blog\/\"},{\"@type\":\"ListItem\",\"position\":2,\"name\":\"Sites Internet\"}]},{\"@type\":\"WebSite\",\"@id\":\"https:\/\/www.zsimplants.ch\/blo\/#website\",\"url\":\"https:\/\/www.zsimplants.ch\/blo\/\",\"name\":\"Zephyr Surgical Implants\",\"description\":\"\",\"potentialAction\":[{\"@type\":\"SearchAction\",\"target\":{\"@type\":\"EntryPoint\",\"urlTemplate\":\"https:\/\/www.zsimplants.ch\/blo\/?s={search_term_string}\"},\"query-input\":\"required name=search_term_string\"}],\"inLanguage\":\"en-US\"}]}<\/script>\n<!-- \/ Yoast SEO plugin. -->","yoast_head_json":{"title":"Sites Internet - Zephyr Surgical Implants","robots":{"index":"index","follow":"follow","max-snippet":"max-snippet:-1","max-image-preview":"max-image-preview:large","max-video-preview":"max-video-preview:-1"},"canonical":"https:\/\/www.zsimplants.ch\/blog\/fr\/sites-internet\/","og_locale":"en_US","og_type":"article","og_title":"Sites Internet - Zephyr Surgical Implants","og_description":"RESSOURCES FTMftm-transsexuel.infoFTM-InfoUn site en fran\u00e7ais, tr\u00e8s complet sur la plupart des sujets m\u00e9dicaux, sociaux, \u00e9conomiques, touchant les personnes FTM. http:\/\/ftm-transsexuel.info\/www.ftmguide.orgFTM GuideUn guide sur les traitements m\u00e9dicaux, comment \u00ab passer \u00bben soci\u00e9t\u00e9, faire des [&hellip;]","og_url":"https:\/\/www.zsimplants.ch\/blog\/fr\/sites-internet\/","og_site_name":"Zephyr Surgical Implants","article_modified_time":"2021-02-25T18:10:31+00:00","og_image":[{"width":2560,"height":1707,"url":"https:\/\/www.zsimplants.ch\/blog\/wp-content\/uploads\/2021\/02\/carl-heyerdahl-KE0nC8-58MQ-unsplash-scaled-1.jpg","type":"image\/jpeg"}],"twitter_card":"summary_large_image","twitter_misc":{"Est. reading time":"7 minutes"},"schema":{"@context":"https:\/\/schema.org","@graph":[{"@type":"WebPage","@id":"https:\/\/www.zsimplants.ch\/blog\/fr\/sites-internet\/","url":"https:\/\/www.zsimplants.ch\/blog\/fr\/sites-internet\/","name":"Sites Internet - Zephyr Surgical Implants","isPartOf":{"@id":"https:\/\/www.zsimplants.ch\/blo\/#website"},"datePublished":"2021-01-12T09:27:32+00:00","dateModified":"2021-02-25T18:10:31+00:00","breadcrumb":{"@id":"https:\/\/www.zsimplants.ch\/blog\/fr\/sites-internet\/#breadcrumb"},"inLanguage":"en-US","potentialAction":[{"@type":"ReadAction","target":["https:\/\/www.zsimplants.ch\/blog\/fr\/sites-internet\/"]}]},{"@type":"BreadcrumbList","@id":"https:\/\/www.zsimplants.ch\/blog\/fr\/sites-internet\/#breadcrumb","itemListElement":[{"@type":"ListItem","position":1,"name":"Accueil","item":"https:\/\/www.zsimplants.ch\/blog\/"},{"@type":"ListItem","position":2,"name":"Sites Internet"}]},{"@type":"WebSite","@id":"https:\/\/www.zsimplants.ch\/blo\/#website","url":"https:\/\/www.zsimplants.ch\/blo\/","name":"Zephyr Surgical Implants","description":"","potentialAction":[{"@type":"SearchAction","target":{"@type":"EntryPoint","urlTemplate":"https:\/\/www.zsimplants.ch\/blo\/?s={search_term_string}"},"query-input":"required name=search_term_string"}],"inLanguage":"en-US"}]}},"lang":"fr","translations":{"en":23728,"fr":23723,"es":2007},"pll_sync_post":[],"_links":{"self":[{"href":"https:\/\/www.zsimplants.ch\/blog\/wp-json\/wp\/v2\/pages\/23723"}],"collection":[{"href":"https:\/\/www.zsimplants.ch\/blog\/wp-json\/wp\/v2\/pages"}],"about":[{"href":"https:\/\/www.zsimplants.ch\/blog\/wp-json\/wp\/v2\/types\/page"}],"author":[{"embeddable":true,"href":"https:\/\/www.zsimplants.ch\/blog\/wp-json\/wp\/v2\/users\/2"}],"replies":[{"embeddable":true,"href":"https:\/\/www.zsimplants.ch\/blog\/wp-json\/wp\/v2\/comments?post=23723"}],"version-history":[{"count":1,"href":"https:\/\/www.zsimplants.ch\/blog\/wp-json\/wp\/v2\/pages\/23723\/revisions"}],"predecessor-version":[{"id":27184,"href":"https:\/\/www.zsimplants.ch\/blog\/wp-json\/wp\/v2\/pages\/23723\/revisions\/27184"}],"wp:featuredmedia":[{"embeddable":true,"href":"https:\/\/www.zsimplants.ch\/blog\/wp-json\/wp\/v2\/media\/27182"}],"wp:attachment":[{"href":"https:\/\/www.zsimplants.ch\/blog\/wp-json\/wp\/v2\/media?parent=23723"}],"curies":[{"name":"wp","href":"https:\/\/api.w.org\/{rel}","templated":true}]}}